{"id":5674,"date":"2022-04-26T22:58:54","date_gmt":"2022-04-26T22:58:54","guid":{"rendered":"http:\/\/cicaforumcivil.sn\/?page_id=5674"},"modified":"2022-04-26T23:02:05","modified_gmt":"2022-04-26T23:02:05","slug":"cica-dakar-rufisque","status":"publish","type":"page","link":"http:\/\/cicaforumcivil.sn\/?page_id=5674","title":{"rendered":"CICA DAKAR RUFISQUE"},"content":{"rendered":"\t\t<div data-elementor-type=\"wp-page\" data-elementor-id=\"5674\" class=\"elementor elementor-5674\">\n\t\t\t\t\t\t<section class=\"elementor-section elementor-top-section elementor-element elementor-element-0051a1f elementor-section-full_width elementor-section-height-default elementor-section-height-default\" data-id=\"0051a1f\" data-element_type=\"section\">\n\t\t\t\t\t\t<div class=\"elementor-container elementor-column-gap-no\">\n\t\t\t\t\t<div class=\"elementor-column elementor-col-100 elementor-top-column elementor-element elementor-element-142252a\" data-id=\"142252a\" data-element_type=\"column\">\n\t\t\t<div class=\"elementor-widget-wrap elementor-element-populated\">\n\t\t\t\t\t\t<div class=\"elementor-element elementor-element-5c0d009 elementor-align-left elementor-widget elementor-widget-obelisk-title\" data-id=\"5c0d009\" data-element_type=\"widget\" data-widget_type=\"obelisk-title.default\">\n\t\t\t\t<div class=\"elementor-widget-container\">\n\t\t\t\r\n\r\n<div class=\"obelisk-header style-4\">\r\n    <div class=\"pages-header bg-img valign parallaxie\" data-background=\"\" data-overlay-dark=\"5\">\r\n        <div class=\"container\">\r\n            <div class=\"row\">\r\n                <div class=\"col-lg-12\">\r\n                    <div class=\"cont text-center\">\r\n                        <h1>CICA DAKAR Rufisque\/CEM<\/h1>\r\n                        <div class=\"path\">\r\n                            <span class=\" 1 breadcrumb-first\"><a href=\"http:\/\/cicaforumcivil.sn\/\"> Home<\/a><\/span><em> \/ <\/em>                        <\/div>\r\n                    <\/div>\r\n                <\/div>\r\n            <\/div>\r\n        <\/div>\r\n    <\/div>\r\n<\/div>\t\t<\/div>\n\t\t\t\t<\/div>\n\t\t\t\t\t<\/div>\n\t\t<\/div>\n\t\t\t\t\t<\/div>\n\t\t<\/section>\n\t\t\t\t<section class=\"elementor-section elementor-top-section elementor-element elementor-element-8cddb51 elementor-section-boxed elementor-section-height-default elementor-section-height-default\" data-id=\"8cddb51\" data-element_type=\"section\">\n\t\t\t\t\t\t<div class=\"elementor-container elementor-column-gap-default\">\n\t\t\t\t\t<div class=\"elementor-column elementor-col-100 elementor-top-column elementor-element elementor-element-fa9e126\" data-id=\"fa9e126\" data-element_type=\"column\">\n\t\t\t<div class=\"elementor-widget-wrap elementor-element-populated\">\n\t\t\t\t\t\t<div class=\"elementor-element elementor-element-3fdd762 elementor-widget elementor-widget-text-editor\" data-id=\"3fdd762\" data-element_type=\"widget\" data-widget_type=\"text-editor.default\">\n\t\t\t\t<div class=\"elementor-widget-container\">\n\t\t\t\t\t\t\t<p>Dans la r\u00e9gion de Dakar, le 30\/06\/2021, le CICA de Rufisque\/CEM Les Pionniers du Syndicalisme Africain a \u00e9t\u00e9 install\u00e9 et une conf\u00e9rence sur les r\u00e9seaux sociaux, civisme et vie scolaire organis\u00e9e.<\/p>\t\t\t\t\t\t<\/div>\n\t\t\t\t<\/div>\n\t\t\t\t\t<\/div>\n\t\t<\/div>\n\t\t\t\t\t<\/div>\n\t\t<\/section>\n\t\t\t\t<section class=\"elementor-section elementor-top-section elementor-element elementor-element-1d84c81 elementor-section-boxed elementor-section-height-default elementor-section-height-default\" data-id=\"1d84c81\" data-element_type=\"section\">\n\t\t\t\t\t\t<div class=\"elementor-container elementor-column-gap-default\">\n\t\t\t\t\t<div class=\"elementor-column elementor-col-50 elementor-top-column elementor-element elementor-element-6f2b23a\" data-id=\"6f2b23a\" data-element_type=\"column\">\n\t\t\t<div class=\"elementor-widget-wrap elementor-element-populated\">\n\t\t\t\t\t\t<div class=\"elementor-element elementor-element-02b9caa elementor-widget elementor-widget-image\" data-id=\"02b9caa\" data-element_type=\"widget\" data-widget_type=\"image.default\">\n\t\t\t\t<div class=\"elementor-widget-container\">\n\t\t\t\t\t\t\t\t\t\t\t\t\t<img fetchpriority=\"high\" decoding=\"async\" width=\"1024\" height=\"767\" src=\"http:\/\/cicaforumcivil.sn\/wp-content\/uploads\/2022\/04\/WhatsApp-Image-2022-04-26-at-17.52.09-1024x767.jpeg\" class=\"attachment-large size-large wp-image-5679\" alt=\"\" \/>\t\t\t\t\t\t\t\t\t\t\t\t\t<\/div>\n\t\t\t\t<\/div>\n\t\t\t\t\t<\/div>\n\t\t<\/div>\n\t\t\t\t<div class=\"elementor-column elementor-col-50 elementor-top-column elementor-element elementor-element-c579996\" data-id=\"c579996\" data-element_type=\"column\">\n\t\t\t<div class=\"elementor-widget-wrap elementor-element-populated\">\n\t\t\t\t\t\t<div class=\"elementor-element elementor-element-91cee4d elementor-widget elementor-widget-image\" data-id=\"91cee4d\" data-element_type=\"widget\" data-widget_type=\"image.default\">\n\t\t\t\t<div class=\"elementor-widget-container\">\n\t\t\t\t\t\t\t\t\t\t\t\t\t<img decoding=\"async\" width=\"1024\" height=\"767\" src=\"http:\/\/cicaforumcivil.sn\/wp-content\/uploads\/2022\/04\/WhatsApp-Image-2022-04-26-at-17.52.09-1-1024x767.jpeg\" class=\"attachment-large size-large wp-image-5678\" alt=\"\" \/>\t\t\t\t\t\t\t\t\t\t\t\t\t<\/div>\n\t\t\t\t<\/div>\n\t\t\t\t\t<\/div>\n\t\t<\/div>\n\t\t\t\t\t<\/div>\n\t\t<\/section>\n\t\t\t\t<section class=\"elementor-section elementor-top-section elementor-element elementor-element-b9fd590 elementor-section-boxed elementor-section-height-default elementor-section-height-default\" data-id=\"b9fd590\" data-element_type=\"section\">\n\t\t\t\t\t\t<div class=\"elementor-container elementor-column-gap-default\">\n\t\t\t\t\t<div class=\"elementor-column elementor-col-50 elementor-top-column elementor-element elementor-element-bffff78\" data-id=\"bffff78\" data-element_type=\"column\">\n\t\t\t<div class=\"elementor-widget-wrap elementor-element-populated\">\n\t\t\t\t\t\t<div class=\"elementor-element elementor-element-e651e71 elementor-widget elementor-widget-image\" data-id=\"e651e71\" data-element_type=\"widget\" data-widget_type=\"image.default\">\n\t\t\t\t<div class=\"elementor-widget-container\">\n\t\t\t\t\t\t\t\t\t\t\t\t\t<img decoding=\"async\" width=\"1024\" height=\"767\" src=\"http:\/\/cicaforumcivil.sn\/wp-content\/uploads\/2022\/04\/WhatsApp-Image-2022-04-26-at-17.52.09-2-1024x767.jpeg\" class=\"attachment-large size-large wp-image-5677\" alt=\"\" \/>\t\t\t\t\t\t\t\t\t\t\t\t\t<\/div>\n\t\t\t\t<\/div>\n\t\t\t\t\t<\/div>\n\t\t<\/div>\n\t\t\t\t<div class=\"elementor-column elementor-col-50 elementor-top-column elementor-element elementor-element-bf25cd7\" data-id=\"bf25cd7\" data-element_type=\"column\">\n\t\t\t<div class=\"elementor-widget-wrap elementor-element-populated\">\n\t\t\t\t\t\t<div class=\"elementor-element elementor-element-6dcc097 elementor-widget elementor-widget-image\" data-id=\"6dcc097\" data-element_type=\"widget\" data-widget_type=\"image.default\">\n\t\t\t\t<div class=\"elementor-widget-container\">\n\t\t\t\t\t\t\t\t\t\t\t\t\t<img loading=\"lazy\" decoding=\"async\" width=\"1024\" height=\"767\" src=\"http:\/\/cicaforumcivil.sn\/wp-content\/uploads\/2022\/04\/WhatsApp-Image-2022-04-26-at-17.52.09-3-1024x767.jpeg\" class=\"attachment-large size-large wp-image-5676\" alt=\"\" \/>\t\t\t\t\t\t\t\t\t\t\t\t\t<\/div>\n\t\t\t\t<\/div>\n\t\t\t\t\t<\/div>\n\t\t<\/div>\n\t\t\t\t\t<\/div>\n\t\t<\/section>\n\t\t\t\t<\/div>\n\t\t","protected":false},"excerpt":{"rendered":"<p>CICA DAKAR Rufisque\/CEM Home \/ Dans la r\u00e9gion de Dakar, le 30\/06\/2021, le CICA de Rufisque\/CEM Les Pionniers du Syndicalisme Africain a \u00e9t\u00e9 install\u00e9 et une conf\u00e9rence sur les r\u00e9seaux sociaux, civisme et vie scolaire organis\u00e9e.<\/p>\n","protected":false},"author":1,"featured_media":0,"parent":0,"menu_order":0,"comment_status":"closed","ping_status":"closed","template":"blank-builder.php","meta":{"footnotes":""},"class_list":["post-5674","page","type-page","status-publish","hentry"],"_links":{"self":[{"href":"http:\/\/cicaforumcivil.sn\/index.php?rest_route=\/wp\/v2\/pages\/5674","targetHints":{"allow":["GET"]}}],"collection":[{"href":"http:\/\/cicaforumcivil.sn\/index.php?rest_route=\/wp\/v2\/pages"}],"about":[{"href":"http:\/\/cicaforumcivil.sn\/index.php?rest_route=\/wp\/v2\/types\/page"}],"author":[{"embeddable":true,"href":"http:\/\/cicaforumcivil.sn\/index.php?rest_route=\/wp\/v2\/users\/1"}],"replies":[{"embeddable":true,"href":"http:\/\/cicaforumcivil.sn\/index.php?rest_route=%2Fwp%2Fv2%2Fcomments&post=5674"}],"version-history":[{"count":4,"href":"http:\/\/cicaforumcivil.sn\/index.php?rest_route=\/wp\/v2\/pages\/5674\/revisions"}],"predecessor-version":[{"id":5683,"href":"http:\/\/cicaforumcivil.sn\/index.php?rest_route=\/wp\/v2\/pages\/5674\/revisions\/5683"}],"wp:attachment":[{"href":"http:\/\/cicaforumcivil.sn\/index.php?rest_route=%2Fwp%2Fv2%2Fmedia&parent=5674"}],"curies":[{"name":"wp","href":"https:\/\/api.w.org\/{rel}","templated":true}]}}