{"id":5630,"date":"2022-04-26T15:45:11","date_gmt":"2022-04-26T15:45:11","guid":{"rendered":"http:\/\/cicaforumcivil.sn\/?page_id=5630"},"modified":"2022-04-26T15:47:26","modified_gmt":"2022-04-26T15:47:26","slug":"cica-num-st-louis","status":"publish","type":"page","link":"http:\/\/cicaforumcivil.sn\/?page_id=5630","title":{"rendered":"CICA NUM ST-LOUIS"},"content":{"rendered":"\t\t<div data-elementor-type=\"wp-page\" data-elementor-id=\"5630\" class=\"elementor elementor-5630\">\n\t\t\t\t\t\t<section class=\"elementor-section elementor-top-section elementor-element elementor-element-0051a1f elementor-section-full_width elementor-section-height-default elementor-section-height-default\" data-id=\"0051a1f\" data-element_type=\"section\">\n\t\t\t\t\t\t<div class=\"elementor-container elementor-column-gap-no\">\n\t\t\t\t\t<div class=\"elementor-column elementor-col-100 elementor-top-column elementor-element elementor-element-142252a\" data-id=\"142252a\" data-element_type=\"column\">\n\t\t\t<div class=\"elementor-widget-wrap elementor-element-populated\">\n\t\t\t\t\t\t<div class=\"elementor-element elementor-element-5c0d009 elementor-align-left elementor-widget elementor-widget-obelisk-title\" data-id=\"5c0d009\" data-element_type=\"widget\" data-widget_type=\"obelisk-title.default\">\n\t\t\t\t<div class=\"elementor-widget-container\">\n\t\t\t\r\n\r\n<div class=\"obelisk-header style-4\">\r\n    <div class=\"pages-header bg-img valign parallaxie\" data-background=\"\" data-overlay-dark=\"5\">\r\n        <div class=\"container\">\r\n            <div class=\"row\">\r\n                <div class=\"col-lg-12\">\r\n                    <div class=\"cont text-center\">\r\n                        <h1>CICA & NUMERIQUE ST-LOUIS<\/h1>\r\n                        <div class=\"path\">\r\n                            <span class=\" 1 breadcrumb-first\"><a href=\"http:\/\/cicaforumcivil.sn\/\"> Home<\/a><\/span><em> \/ <\/em>                        <\/div>\r\n                    <\/div>\r\n                <\/div>\r\n            <\/div>\r\n        <\/div>\r\n    <\/div>\r\n<\/div>\t\t<\/div>\n\t\t\t\t<\/div>\n\t\t\t\t\t<\/div>\n\t\t<\/div>\n\t\t\t\t\t<\/div>\n\t\t<\/section>\n\t\t\t\t<section class=\"elementor-section elementor-top-section elementor-element elementor-element-8cddb51 elementor-section-boxed elementor-section-height-default elementor-section-height-default\" data-id=\"8cddb51\" data-element_type=\"section\">\n\t\t\t\t\t\t<div class=\"elementor-container elementor-column-gap-default\">\n\t\t\t\t\t<div class=\"elementor-column elementor-col-100 elementor-top-column elementor-element elementor-element-fa9e126\" data-id=\"fa9e126\" data-element_type=\"column\">\n\t\t\t<div class=\"elementor-widget-wrap elementor-element-populated\">\n\t\t\t\t\t\t\t<\/div>\n\t\t<\/div>\n\t\t\t\t\t<\/div>\n\t\t<\/section>\n\t\t\t\t<section class=\"elementor-section elementor-top-section elementor-element elementor-element-0b63c50 elementor-section-boxed elementor-section-height-default elementor-section-height-default\" data-id=\"0b63c50\" data-element_type=\"section\">\n\t\t\t\t\t\t<div class=\"elementor-container elementor-column-gap-default\">\n\t\t\t\t\t<div class=\"elementor-column elementor-col-100 elementor-top-column elementor-element elementor-element-abc3639\" data-id=\"abc3639\" data-element_type=\"column\">\n\t\t\t<div class=\"elementor-widget-wrap elementor-element-populated\">\n\t\t\t\t\t\t<div class=\"elementor-element elementor-element-452d3fc elementor-widget elementor-widget-text-editor\" data-id=\"452d3fc\" data-element_type=\"widget\" data-widget_type=\"text-editor.default\">\n\t\t\t\t<div class=\"elementor-widget-container\">\n\t\t\t\t\t\t\t<p>Dans la r\u00e9gion de Saint Louis, le CICA du lyc\u00e9e Ameth Fall a \u00e9t\u00e9 install\u00e9 le 16\/06\/2021 et organis\u00e9 une conf\u00e9rence sur les r\u00e9seaux sociaux, civisme et vie scolaire.<\/p>\t\t\t\t\t\t<\/div>\n\t\t\t\t<\/div>\n\t\t\t\t\t<\/div>\n\t\t<\/div>\n\t\t\t\t\t<\/div>\n\t\t<\/section>\n\t\t\t\t<section class=\"elementor-section elementor-top-section elementor-element elementor-element-fa77904 elementor-section-boxed elementor-section-height-default elementor-section-height-default\" data-id=\"fa77904\" data-element_type=\"section\">\n\t\t\t\t\t\t<div class=\"elementor-container elementor-column-gap-default\">\n\t\t\t\t\t<div class=\"elementor-column elementor-col-50 elementor-top-column elementor-element elementor-element-b162a74\" data-id=\"b162a74\" data-element_type=\"column\">\n\t\t\t<div class=\"elementor-widget-wrap elementor-element-populated\">\n\t\t\t\t\t\t<div class=\"elementor-element elementor-element-cb11eca elementor-widget elementor-widget-image\" data-id=\"cb11eca\" data-element_type=\"widget\" data-widget_type=\"image.default\">\n\t\t\t\t<div class=\"elementor-widget-container\">\n\t\t\t\t\t\t\t\t\t\t\t\t\t<img fetchpriority=\"high\" decoding=\"async\" width=\"1024\" height=\"768\" src=\"http:\/\/cicaforumcivil.sn\/wp-content\/uploads\/2022\/04\/WhatsApp-Image-2022-04-26-at-15.38.40-2-1024x768.jpeg\" class=\"attachment-large size-large wp-image-5632\" alt=\"\" \/>\t\t\t\t\t\t\t\t\t\t\t\t\t<\/div>\n\t\t\t\t<\/div>\n\t\t\t\t\t<\/div>\n\t\t<\/div>\n\t\t\t\t<div class=\"elementor-column elementor-col-50 elementor-top-column elementor-element elementor-element-84c0039\" data-id=\"84c0039\" data-element_type=\"column\">\n\t\t\t<div class=\"elementor-widget-wrap elementor-element-populated\">\n\t\t\t\t\t\t<div class=\"elementor-element elementor-element-2dfb4ef elementor-widget elementor-widget-image\" data-id=\"2dfb4ef\" data-element_type=\"widget\" data-widget_type=\"image.default\">\n\t\t\t\t<div class=\"elementor-widget-container\">\n\t\t\t\t\t\t\t\t\t\t\t\t\t<img decoding=\"async\" width=\"1024\" height=\"768\" src=\"http:\/\/cicaforumcivil.sn\/wp-content\/uploads\/2022\/04\/WhatsApp-Image-2022-04-26-at-15.38.40-1-1024x768.jpeg\" class=\"attachment-large size-large wp-image-5633\" alt=\"\" \/>\t\t\t\t\t\t\t\t\t\t\t\t\t<\/div>\n\t\t\t\t<\/div>\n\t\t\t\t\t<\/div>\n\t\t<\/div>\n\t\t\t\t\t<\/div>\n\t\t<\/section>\n\t\t\t\t<section class=\"elementor-section elementor-top-section elementor-element elementor-element-a321583 elementor-section-boxed elementor-section-height-default elementor-section-height-default\" data-id=\"a321583\" data-element_type=\"section\">\n\t\t\t\t\t\t<div class=\"elementor-container elementor-column-gap-default\">\n\t\t\t\t\t<div class=\"elementor-column elementor-col-50 elementor-top-column elementor-element elementor-element-f885849\" data-id=\"f885849\" data-element_type=\"column\">\n\t\t\t<div class=\"elementor-widget-wrap elementor-element-populated\">\n\t\t\t\t\t\t<div class=\"elementor-element elementor-element-606a18c elementor-widget elementor-widget-image\" data-id=\"606a18c\" data-element_type=\"widget\" data-widget_type=\"image.default\">\n\t\t\t\t<div class=\"elementor-widget-container\">\n\t\t\t\t\t\t\t\t\t\t\t\t\t<img decoding=\"async\" width=\"1024\" height=\"768\" src=\"http:\/\/cicaforumcivil.sn\/wp-content\/uploads\/2022\/04\/WhatsApp-Image-2022-04-26-at-15.38.40-1024x768.jpeg\" class=\"attachment-large size-large wp-image-5634\" alt=\"\" \/>\t\t\t\t\t\t\t\t\t\t\t\t\t<\/div>\n\t\t\t\t<\/div>\n\t\t\t\t\t<\/div>\n\t\t<\/div>\n\t\t\t\t<div class=\"elementor-column elementor-col-50 elementor-top-column elementor-element elementor-element-ad14918\" data-id=\"ad14918\" data-element_type=\"column\">\n\t\t\t<div class=\"elementor-widget-wrap\">\n\t\t\t\t\t\t\t<\/div>\n\t\t<\/div>\n\t\t\t\t\t<\/div>\n\t\t<\/section>\n\t\t\t\t<\/div>\n\t\t","protected":false},"excerpt":{"rendered":"<p>CICA &#038; NUMERIQUE ST-LOUIS Home \/ Dans la r\u00e9gion de Saint Louis, le CICA du lyc\u00e9e Ameth Fall a \u00e9t\u00e9 install\u00e9 le 16\/06\/2021 et organis\u00e9 une conf\u00e9rence sur les r\u00e9seaux sociaux, civisme et vie scolaire.<\/p>\n","protected":false},"author":1,"featured_media":0,"parent":0,"menu_order":0,"comment_status":"closed","ping_status":"closed","template":"blank-builder.php","meta":{"footnotes":""},"class_list":["post-5630","page","type-page","status-publish","hentry"],"_links":{"self":[{"href":"http:\/\/cicaforumcivil.sn\/index.php?rest_route=\/wp\/v2\/pages\/5630","targetHints":{"allow":["GET"]}}],"collection":[{"href":"http:\/\/cicaforumcivil.sn\/index.php?rest_route=\/wp\/v2\/pages"}],"about":[{"href":"http:\/\/cicaforumcivil.sn\/index.php?rest_route=\/wp\/v2\/types\/page"}],"author":[{"embeddable":true,"href":"http:\/\/cicaforumcivil.sn\/index.php?rest_route=\/wp\/v2\/users\/1"}],"replies":[{"embeddable":true,"href":"http:\/\/cicaforumcivil.sn\/index.php?rest_route=%2Fwp%2Fv2%2Fcomments&post=5630"}],"version-history":[{"count":4,"href":"http:\/\/cicaforumcivil.sn\/index.php?rest_route=\/wp\/v2\/pages\/5630\/revisions"}],"predecessor-version":[{"id":5637,"href":"http:\/\/cicaforumcivil.sn\/index.php?rest_route=\/wp\/v2\/pages\/5630\/revisions\/5637"}],"wp:attachment":[{"href":"http:\/\/cicaforumcivil.sn\/index.php?rest_route=%2Fwp%2Fv2%2Fmedia&parent=5630"}],"curies":[{"name":"wp","href":"https:\/\/api.w.org\/{rel}","templated":true}]}}