{"id":5614,"date":"2022-04-26T15:26:47","date_gmt":"2022-04-26T15:26:47","guid":{"rendered":"http:\/\/cicaforumcivil.sn\/?page_id=5614"},"modified":"2022-04-26T15:39:42","modified_gmt":"2022-04-26T15:39:42","slug":"cica-num-kolda","status":"publish","type":"page","link":"http:\/\/cicaforumcivil.sn\/?page_id=5614","title":{"rendered":"CICA NUM KOLDA"},"content":{"rendered":"\t\t<div data-elementor-type=\"wp-page\" data-elementor-id=\"5614\" class=\"elementor elementor-5614\">\n\t\t\t\t\t\t<section class=\"elementor-section elementor-top-section elementor-element elementor-element-0051a1f elementor-section-full_width elementor-section-height-default elementor-section-height-default\" data-id=\"0051a1f\" data-element_type=\"section\">\n\t\t\t\t\t\t<div class=\"elementor-container elementor-column-gap-no\">\n\t\t\t\t\t<div class=\"elementor-column elementor-col-100 elementor-top-column elementor-element elementor-element-142252a\" data-id=\"142252a\" data-element_type=\"column\">\n\t\t\t<div class=\"elementor-widget-wrap elementor-element-populated\">\n\t\t\t\t\t\t<div class=\"elementor-element elementor-element-5c0d009 elementor-align-left elementor-widget elementor-widget-obelisk-title\" data-id=\"5c0d009\" data-element_type=\"widget\" data-widget_type=\"obelisk-title.default\">\n\t\t\t\t<div class=\"elementor-widget-container\">\n\t\t\t\r\n\r\n<div class=\"obelisk-header style-4\">\r\n    <div class=\"pages-header bg-img valign parallaxie\" data-background=\"\" data-overlay-dark=\"5\">\r\n        <div class=\"container\">\r\n            <div class=\"row\">\r\n                <div class=\"col-lg-12\">\r\n                    <div class=\"cont text-center\">\r\n                        <h1>CICA & NUMERIQUE KOLDA<\/h1>\r\n                        <div class=\"path\">\r\n                            <span class=\" 1 breadcrumb-first\"><a href=\"http:\/\/cicaforumcivil.sn\/\"> Home<\/a><\/span><em> \/ <\/em>                        <\/div>\r\n                    <\/div>\r\n                <\/div>\r\n            <\/div>\r\n        <\/div>\r\n    <\/div>\r\n<\/div>\t\t<\/div>\n\t\t\t\t<\/div>\n\t\t\t\t\t<\/div>\n\t\t<\/div>\n\t\t\t\t\t<\/div>\n\t\t<\/section>\n\t\t\t\t<section class=\"elementor-section elementor-top-section elementor-element elementor-element-8cddb51 elementor-section-boxed elementor-section-height-default elementor-section-height-default\" data-id=\"8cddb51\" data-element_type=\"section\">\n\t\t\t\t\t\t<div class=\"elementor-container elementor-column-gap-default\">\n\t\t\t\t\t<div class=\"elementor-column elementor-col-100 elementor-top-column elementor-element elementor-element-fa9e126\" data-id=\"fa9e126\" data-element_type=\"column\">\n\t\t\t<div class=\"elementor-widget-wrap elementor-element-populated\">\n\t\t\t\t\t\t\t<\/div>\n\t\t<\/div>\n\t\t\t\t\t<\/div>\n\t\t<\/section>\n\t\t\t\t<section class=\"elementor-section elementor-top-section elementor-element elementor-element-0b63c50 elementor-section-boxed elementor-section-height-default elementor-section-height-default\" data-id=\"0b63c50\" data-element_type=\"section\">\n\t\t\t\t\t\t<div class=\"elementor-container elementor-column-gap-default\">\n\t\t\t\t\t<div class=\"elementor-column elementor-col-100 elementor-top-column elementor-element elementor-element-abc3639\" data-id=\"abc3639\" data-element_type=\"column\">\n\t\t\t<div class=\"elementor-widget-wrap elementor-element-populated\">\n\t\t\t\t\t\t<div class=\"elementor-element elementor-element-452d3fc elementor-widget elementor-widget-text-editor\" data-id=\"452d3fc\" data-element_type=\"widget\" data-widget_type=\"text-editor.default\">\n\t\t\t\t<div class=\"elementor-widget-container\">\n\t\t\t\t\t\t\t<p>CICA de Kolda<br \/>Le Mercredi 16 Juin 2021, les clubs CICA de la Commune de Kolda ont effectu\u00e9 une visite \u00e9cologique dans la Commune de Coumbacara. Cette sortie entre dans le cadre du projet de Lutte Contre la Corruption et pour la Redevabilit\u00e9 Territoriale (PCR2). Un projet mis en \u0153uvre par le Forum Civil avec l\u2019appui financier d\u2019OSIWA. <br \/><span style=\"text-decoration: underline;\"><strong>Objectif g\u00e9n\u00e9ral<\/strong><\/span><br \/>L\u2019objectif de cette sortie c\u2019est d\u2019initier les clubs d\u2019int\u00e9grit\u00e9 \u00e0 la Citoyennet\u00e9 Active (CICA) du Forum Civil \u00e0 la Redevabilit\u00e9 Foresti\u00e8re.<br \/><span style=\"text-decoration: underline;\"><strong>Objectifs sp\u00e9cifiques<\/strong><\/span><br \/>Echanger avec les membres de l\u2019OSTER sur l\u2019\u00e9tat de la coupe abuse des bois<br \/>Discuter avec l\u2019\u00e9quipe municipale de Coumbacara sur leur dispositif de lutte contre la coupe abusive des bois<br \/>D\u00e9couvrir les initiatives de d\u00e9veloppement durable \u00e0 travers le centre agro-\u00e9cologique de Coumbacara(CEFAC)<br \/><span style=\"text-decoration: underline;\"><strong>R\u00e9sultats attendus<\/strong><\/span><br \/>Des \u00e9changes avec les membres de l\u2019OSTER sur l\u2019\u00e9tat de la coupe abuse des bois ont lieux dans la for\u00eat de Toutoun\u00e9<br \/>Des discussions interactives entre l\u2019\u00e9quipe municipale de Coumbacara et les CICA sur leur dispositif de lutte contre la coupe abusive des bois ont eu lieu<br \/>Les CICA ont d\u00e9couvert les initiatives de d\u00e9veloppement durable \u00e0 travers le centre agro-\u00e9cologique de Coumbacara(CEFAC). <br \/><span style=\"text-decoration: underline;\"><strong>Le film de l\u2019activit\u00e9<\/strong><\/span><br \/>L\u2019activit\u00e9 est ponctu\u00e9e par quatre moments forts : le rassemblement au si\u00e8ge du Forum Civil, la visite de la for\u00eat de Toutoun\u00e9, la rencontre avec l\u2019\u00e9quipe municipale de Coumbacara et la visite du centre agro \u00e9cologique(CEFAC). Le slogan retenu pour cette sortie \u00e9cologique est \u00ab les \u00e9l\u00e8ves se mobilisent contre les coupes abusives de bois \u00bb Le rassemblement a d\u00e9marr\u00e9 \u00e0 partir de 07h par le d\u00e9p\u00f4t des potages \u00e0 la \u00ab Maison du Citoyen \u00bb. Ils \u00e9taient accompagn\u00e9s soit par leurs parents, soit par leurs encadreurs. Le petit d\u00e9jeuner pris, l\u2019\u00e9quipe a pris d\u00e9part au bord d\u2019un mini bus et de du 4&#215;4 du Forum Civil sous la direction du Coordonnateur du Forum Civil\/ Kolda Moudjibou Rahamane BALDE et de deux FRE (Formateurs Relais Encadreurs). Fod\u00e9 Dram\u00e9 et Mamadou Lamine Faye. Chaque club \u00e9tait repr\u00e9sent\u00e9 par deux \u00e9l\u00e8ves : un gar\u00e7on et une fille. Seul les \u00e9l\u00e8ves des coll\u00e8ges et des lyc\u00e9es \u00e9taient concern\u00e9s, ceux du primaire \u00e9tant tr\u00e8s petit pour support le p\u00e9riple. La visite a d\u00e9marr\u00e9 par la For\u00eat de Toutoun\u00e9 pour constater les coupes abusives de bois. A chaque \u00e9tape, le pr\u00e9sident de l\u2019OSTER M. Elh. Aliou BALDE en bon connaisseur faisait la situation de la coupe, les strat\u00e9gies mis en \u0153uvre par les d\u00e9linquants forestiers pour r\u00e9aliser leurs forfaitures avec la complicit\u00e9 de certains autochtones. Les \u00e9l\u00e8ves tr\u00e8s sensibles aux messages d\u00e9livr\u00e9s par le maitre des lieux, n\u2019ont pas manqu\u00e9 de d\u00e9livrer des messages fort au Pr\u00e9sident de la R\u00e9publique pour une plus grande protection des for\u00eats \u00e0 travers le durcissement des peines pour les coupeurs et les trafiquants de bois (cf. vid\u00e9o). Apr\u00e8s cette \u00e9tape de la for\u00eat de Toutoun\u00e9, le groupe s\u2019est rendu au chef-lieu de la commune, le village de Coumbacara pour rencontrer l\u2019\u00e9quipe municipale. Lors de cette rencontre, le premier et le deuxi\u00e8me adjoint au Maire et le Secr\u00e9taire Municipal ont remerci\u00e9 le Forum Civil d\u2019avoir pens\u00e9 \u00e0 leur localit\u00e9 pour effectuer cette sortie. Ils ont magnifi\u00e9 le travail fait par l\u2019OSTER dans la Commune pour dissuader les coupeurs de bois clandestins. Ensuite ce fut un d\u00e9bat interactif entre \u00e9lus et \u00e9l\u00e8ves membres des CICA. Les questions soulev\u00e9es tourn\u00e9 autour de la gestion des for\u00eats class\u00e9es, de la r\u00e9gularisation des champs et de l\u2019accompagnement de l\u2019OSTER. Dans un effort de m\u00e9moire, les \u00e9lus ont tent\u00e9 de r\u00e9pondre aux questions soulev\u00e9es par les \u00e9l\u00e8ves avant de boucler cette s\u00e9ance par une adresse \u00e0 la presse convi\u00e9e par le forum civil \u00e0 cette sortie \u00e9cologique. De la mairie, la d\u00e9l\u00e9gation a pris la direction du CEFAC (Centre Transfrontalier Agro-\u00e9cologique de Coumbacara). Sur place une pause d\u00e9jeun\u00e9e a \u00e9t\u00e9 observ\u00e9e. Ensuite se fut l\u2019explication sur les initiatives du CEFAC dans le cadre du d\u00e9veloppement durable suivi de sa visite guid\u00e9e des salles de formation, le magasin de semence mais aussi le bassin piscicole avec 2400 alevins. Cet exercice a permis aux \u00e9l\u00e8ves de comprendre les missions du centre et son importance dans la promotion de l\u2019agro\u00e9cologie et la lutte contre le changement climatique. Pour rappel, ce centre comme son nom l\u2019indique est fr\u00e9quent\u00e9 par les populations du S\u00e9n\u00e9gal et de la Guin\u00e9e Bissau. La derni\u00e8re \u00e9tape \u00e9tait consacr\u00e9e aux interviews du Secr\u00e9taire Municipal, du coordonnateur de l\u2019OSTER, du Coordonnateur du Forum Civil section Kolda et certains \u00e9l\u00e8ves. Les \u00e9l\u00e8ves ont pris conscience de la gravit\u00e9 de la coupe abusive de bois Les \u00e9l\u00e8ves ont eu des \u00e9changes fructueux avec l\u2019\u00e9quipe municipale de Coumbacara Les \u00e9l\u00e8ves ont d\u00e9couvert les strat\u00e9gies mises en place \u00e0 travers le CEFAC pour une r\u00e9silience alimentaire et une lutte contre le changement climatique L\u2019\u00e9quipe municipale a pris conscience du d\u00e9veloppement d\u2019une masse critique de citoyens jeunes pour porter le plaidoyer contre la coupe abusive de bois. <br \/><span style=\"text-decoration: underline;\"><strong>Perspectives<\/strong><\/span><br \/>Restitution de la sortie dans les diff\u00e9rentes \u00e9coles, Renforcement des CICA sur le code forestier et les outils de plaidoyer<br \/>Organisation d\u2019une rencontre nationale entre CICA et ministre des affaires \u00e9trang\u00e8res pour un plaidoyer<br \/>Organisation d\u2019une marche contre la coupe abusive des bois en Casamance.<\/p>\t\t\t\t\t\t<\/div>\n\t\t\t\t<\/div>\n\t\t\t\t\t<\/div>\n\t\t<\/div>\n\t\t\t\t\t<\/div>\n\t\t<\/section>\n\t\t\t\t<section class=\"elementor-section elementor-top-section elementor-element elementor-element-fa77904 elementor-section-boxed elementor-section-height-default elementor-section-height-default\" data-id=\"fa77904\" data-element_type=\"section\">\n\t\t\t\t\t\t<div class=\"elementor-container elementor-column-gap-default\">\n\t\t\t\t\t<div class=\"elementor-column elementor-col-50 elementor-top-column elementor-element elementor-element-b162a74\" data-id=\"b162a74\" data-element_type=\"column\">\n\t\t\t<div class=\"elementor-widget-wrap elementor-element-populated\">\n\t\t\t\t\t\t<div class=\"elementor-element elementor-element-cb11eca elementor-widget elementor-widget-image\" data-id=\"cb11eca\" data-element_type=\"widget\" data-widget_type=\"image.default\">\n\t\t\t\t<div class=\"elementor-widget-container\">\n\t\t\t\t\t\t\t\t\t\t\t\t\t<img fetchpriority=\"high\" decoding=\"async\" width=\"1024\" height=\"768\" src=\"http:\/\/cicaforumcivil.sn\/wp-content\/uploads\/2022\/04\/WhatsApp-Image-2022-04-26-at-15.26.01-1-1024x768.jpeg\" class=\"attachment-large size-large wp-image-5618\" alt=\"\" \/>\t\t\t\t\t\t\t\t\t\t\t\t\t<\/div>\n\t\t\t\t<\/div>\n\t\t\t\t\t<\/div>\n\t\t<\/div>\n\t\t\t\t<div class=\"elementor-column elementor-col-50 elementor-top-column elementor-element elementor-element-84c0039\" data-id=\"84c0039\" data-element_type=\"column\">\n\t\t\t<div class=\"elementor-widget-wrap elementor-element-populated\">\n\t\t\t\t\t\t<div class=\"elementor-element elementor-element-2dfb4ef elementor-widget elementor-widget-image\" data-id=\"2dfb4ef\" data-element_type=\"widget\" data-widget_type=\"image.default\">\n\t\t\t\t<div class=\"elementor-widget-container\">\n\t\t\t\t\t\t\t\t\t\t\t\t\t<img decoding=\"async\" width=\"1024\" height=\"768\" src=\"http:\/\/cicaforumcivil.sn\/wp-content\/uploads\/2022\/04\/WhatsApp-Image-2022-04-26-at-15.26.01-1024x768.jpeg\" class=\"attachment-large size-large wp-image-5619\" alt=\"\" \/>\t\t\t\t\t\t\t\t\t\t\t\t\t<\/div>\n\t\t\t\t<\/div>\n\t\t\t\t\t<\/div>\n\t\t<\/div>\n\t\t\t\t\t<\/div>\n\t\t<\/section>\n\t\t\t\t<section class=\"elementor-section elementor-top-section elementor-element elementor-element-a321583 elementor-section-boxed elementor-section-height-default elementor-section-height-default\" data-id=\"a321583\" data-element_type=\"section\">\n\t\t\t\t\t\t<div class=\"elementor-container elementor-column-gap-default\">\n\t\t\t\t\t<div class=\"elementor-column elementor-col-50 elementor-top-column elementor-element elementor-element-f885849\" data-id=\"f885849\" data-element_type=\"column\">\n\t\t\t<div class=\"elementor-widget-wrap elementor-element-populated\">\n\t\t\t\t\t\t<div class=\"elementor-element elementor-element-606a18c elementor-widget elementor-widget-image\" data-id=\"606a18c\" data-element_type=\"widget\" data-widget_type=\"image.default\">\n\t\t\t\t<div class=\"elementor-widget-container\">\n\t\t\t\t\t\t\t\t\t\t\t\t\t<img decoding=\"async\" width=\"768\" height=\"1024\" src=\"http:\/\/cicaforumcivil.sn\/wp-content\/uploads\/2022\/04\/WhatsApp-Image-2022-04-26-at-15.26.00-768x1024.jpeg\" class=\"attachment-large size-large wp-image-5620\" alt=\"\" \/>\t\t\t\t\t\t\t\t\t\t\t\t\t<\/div>\n\t\t\t\t<\/div>\n\t\t\t\t\t<\/div>\n\t\t<\/div>\n\t\t\t\t<div class=\"elementor-column elementor-col-50 elementor-top-column elementor-element elementor-element-ad14918\" data-id=\"ad14918\" data-element_type=\"column\">\n\t\t\t<div class=\"elementor-widget-wrap\">\n\t\t\t\t\t\t\t<\/div>\n\t\t<\/div>\n\t\t\t\t\t<\/div>\n\t\t<\/section>\n\t\t\t\t<\/div>\n\t\t","protected":false},"excerpt":{"rendered":"<p>CICA &#038; NUMERIQUE KOLDA Home \/ CICA de KoldaLe Mercredi 16 Juin 2021, les clubs CICA de la Commune de Kolda ont effectu\u00e9 une visite \u00e9cologique dans la Commune de Coumbacara. Cette sortie entre dans le cadre du projet de Lutte Contre la Corruption et pour la Redevabilit\u00e9 Territoriale (PCR2). Un projet mis en \u0153uvre par le Forum Civil avec &hellip;<\/p>\n","protected":false},"author":1,"featured_media":0,"parent":0,"menu_order":0,"comment_status":"closed","ping_status":"closed","template":"blank-builder.php","meta":{"footnotes":""},"class_list":["post-5614","page","type-page","status-publish","hentry"],"_links":{"self":[{"href":"http:\/\/cicaforumcivil.sn\/index.php?rest_route=\/wp\/v2\/pages\/5614","targetHints":{"allow":["GET"]}}],"collection":[{"href":"http:\/\/cicaforumcivil.sn\/index.php?rest_route=\/wp\/v2\/pages"}],"about":[{"href":"http:\/\/cicaforumcivil.sn\/index.php?rest_route=\/wp\/v2\/types\/page"}],"author":[{"embeddable":true,"href":"http:\/\/cicaforumcivil.sn\/index.php?rest_route=\/wp\/v2\/users\/1"}],"replies":[{"embeddable":true,"href":"http:\/\/cicaforumcivil.sn\/index.php?rest_route=%2Fwp%2Fv2%2Fcomments&post=5614"}],"version-history":[{"count":4,"href":"http:\/\/cicaforumcivil.sn\/index.php?rest_route=\/wp\/v2\/pages\/5614\/revisions"}],"predecessor-version":[{"id":5626,"href":"http:\/\/cicaforumcivil.sn\/index.php?rest_route=\/wp\/v2\/pages\/5614\/revisions\/5626"}],"wp:attachment":[{"href":"http:\/\/cicaforumcivil.sn\/index.php?rest_route=%2Fwp%2Fv2%2Fmedia&parent=5614"}],"curies":[{"name":"wp","href":"https:\/\/api.w.org\/{rel}","templated":true}]}}