{"id":5438,"date":"2022-04-21T15:53:47","date_gmt":"2022-04-21T15:53:47","guid":{"rendered":"http:\/\/cicaforumcivil.sn\/?page_id=5438"},"modified":"2022-04-21T16:19:42","modified_gmt":"2022-04-21T16:19:42","slug":"cica-fatick","status":"publish","type":"page","link":"http:\/\/cicaforumcivil.sn\/?page_id=5438","title":{"rendered":"CICA FATICK"},"content":{"rendered":"\t\t<div data-elementor-type=\"wp-page\" data-elementor-id=\"5438\" class=\"elementor elementor-5438\">\n\t\t\t\t\t\t<section class=\"elementor-section elementor-top-section elementor-element elementor-element-0051a1f elementor-section-full_width elementor-section-height-default elementor-section-height-default\" data-id=\"0051a1f\" data-element_type=\"section\">\n\t\t\t\t\t\t<div class=\"elementor-container elementor-column-gap-no\">\n\t\t\t\t\t<div class=\"elementor-column elementor-col-100 elementor-top-column elementor-element elementor-element-142252a\" data-id=\"142252a\" data-element_type=\"column\">\n\t\t\t<div class=\"elementor-widget-wrap elementor-element-populated\">\n\t\t\t\t\t\t<div class=\"elementor-element elementor-element-5c0d009 elementor-align-left elementor-widget elementor-widget-obelisk-title\" data-id=\"5c0d009\" data-element_type=\"widget\" data-widget_type=\"obelisk-title.default\">\n\t\t\t\t<div class=\"elementor-widget-container\">\n\t\t\t\r\n\r\n<div class=\"obelisk-header style-4\">\r\n    <div class=\"pages-header bg-img valign parallaxie\" data-background=\"\" data-overlay-dark=\"5\">\r\n        <div class=\"container\">\r\n            <div class=\"row\">\r\n                <div class=\"col-lg-12\">\r\n                    <div class=\"cont text-center\">\r\n                        <h1>CICA FATICK<\/h1>\r\n                        <div class=\"path\">\r\n                            <span class=\" 1 breadcrumb-first\"><a href=\"http:\/\/cicaforumcivil.sn\/\"> Home<\/a><\/span><em> \/ <\/em>                        <\/div>\r\n                    <\/div>\r\n                <\/div>\r\n            <\/div>\r\n        <\/div>\r\n    <\/div>\r\n<\/div>\t\t<\/div>\n\t\t\t\t<\/div>\n\t\t\t\t\t<\/div>\n\t\t<\/div>\n\t\t\t\t\t<\/div>\n\t\t<\/section>\n\t\t\t\t<section class=\"elementor-section elementor-top-section elementor-element elementor-element-8cddb51 elementor-section-boxed elementor-section-height-default elementor-section-height-default\" data-id=\"8cddb51\" data-element_type=\"section\">\n\t\t\t\t\t\t<div class=\"elementor-container elementor-column-gap-default\">\n\t\t\t\t\t<div class=\"elementor-column elementor-col-100 elementor-top-column elementor-element elementor-element-fa9e126\" data-id=\"fa9e126\" data-element_type=\"column\">\n\t\t\t<div class=\"elementor-widget-wrap elementor-element-populated\">\n\t\t\t\t\t\t<div class=\"elementor-element elementor-element-3fdd762 elementor-widget elementor-widget-text-editor\" data-id=\"3fdd762\" data-element_type=\"widget\" data-widget_type=\"text-editor.default\">\n\t\t\t\t<div class=\"elementor-widget-container\">\n\t\t\t\t\t\t\t<p>Dans la r\u00e9gion de Fatick, les CICA install\u00e9s et ayant tenu une activit\u00e9 de sensibilisation contre la Covid-19 sont : le CEM2 de Gossas, le CEM Khar Ndoff\u00e9ne DIOUF dans le d\u00e9partement de Fatick.<\/p>\t\t\t\t\t\t<\/div>\n\t\t\t\t<\/div>\n\t\t\t\t\t<\/div>\n\t\t<\/div>\n\t\t\t\t\t<\/div>\n\t\t<\/section>\n\t\t\t\t<section class=\"elementor-section elementor-top-section elementor-element elementor-element-a71b03b elementor-section-boxed elementor-section-height-default elementor-section-height-default\" data-id=\"a71b03b\" data-element_type=\"section\">\n\t\t\t\t\t\t<div class=\"elementor-container elementor-column-gap-default\">\n\t\t\t\t\t<div class=\"elementor-column elementor-col-100 elementor-top-column elementor-element elementor-element-a7641e0\" data-id=\"a7641e0\" data-element_type=\"column\">\n\t\t\t<div class=\"elementor-widget-wrap elementor-element-populated\">\n\t\t\t\t\t\t<div class=\"elementor-element elementor-element-fc26c9b elementor-widget elementor-widget-image\" data-id=\"fc26c9b\" data-element_type=\"widget\" data-widget_type=\"image.default\">\n\t\t\t\t<div class=\"elementor-widget-container\">\n\t\t\t\t\t\t\t\t\t\t\t\t\t<img fetchpriority=\"high\" decoding=\"async\" width=\"1024\" height=\"768\" src=\"http:\/\/cicaforumcivil.sn\/wp-content\/uploads\/2022\/04\/WhatsApp-Image-2022-04-21-at-15.12.18.jpeg\" class=\"attachment-large size-large wp-image-5440\" alt=\"\" \/>\t\t\t\t\t\t\t\t\t\t\t\t\t<\/div>\n\t\t\t\t<\/div>\n\t\t\t\t\t<\/div>\n\t\t<\/div>\n\t\t\t\t\t<\/div>\n\t\t<\/section>\n\t\t\t\t<\/div>\n\t\t","protected":false},"excerpt":{"rendered":"<p>CICA FATICK Home \/ Dans la r\u00e9gion de Fatick, les CICA install\u00e9s et ayant tenu une activit\u00e9 de sensibilisation contre la Covid-19 sont : le CEM2 de Gossas, le CEM Khar Ndoff\u00e9ne DIOUF dans le d\u00e9partement de Fatick.<\/p>\n","protected":false},"author":1,"featured_media":0,"parent":0,"menu_order":0,"comment_status":"closed","ping_status":"closed","template":"blank-builder.php","meta":{"footnotes":""},"class_list":["post-5438","page","type-page","status-publish","hentry"],"_links":{"self":[{"href":"http:\/\/cicaforumcivil.sn\/index.php?rest_route=\/wp\/v2\/pages\/5438","targetHints":{"allow":["GET"]}}],"collection":[{"href":"http:\/\/cicaforumcivil.sn\/index.php?rest_route=\/wp\/v2\/pages"}],"about":[{"href":"http:\/\/cicaforumcivil.sn\/index.php?rest_route=\/wp\/v2\/types\/page"}],"author":[{"embeddable":true,"href":"http:\/\/cicaforumcivil.sn\/index.php?rest_route=\/wp\/v2\/users\/1"}],"replies":[{"embeddable":true,"href":"http:\/\/cicaforumcivil.sn\/index.php?rest_route=%2Fwp%2Fv2%2Fcomments&post=5438"}],"version-history":[{"count":10,"href":"http:\/\/cicaforumcivil.sn\/index.php?rest_route=\/wp\/v2\/pages\/5438\/revisions"}],"predecessor-version":[{"id":5496,"href":"http:\/\/cicaforumcivil.sn\/index.php?rest_route=\/wp\/v2\/pages\/5438\/revisions\/5496"}],"wp:attachment":[{"href":"http:\/\/cicaforumcivil.sn\/index.php?rest_route=%2Fwp%2Fv2%2Fmedia&parent=5438"}],"curies":[{"name":"wp","href":"https:\/\/api.w.org\/{rel}","templated":true}]}}