{"id":5428,"date":"2022-04-21T15:47:05","date_gmt":"2022-04-21T15:47:05","guid":{"rendered":"http:\/\/cicaforumcivil.sn\/?page_id=5428"},"modified":"2022-04-28T18:36:18","modified_gmt":"2022-04-28T18:36:18","slug":"cica-tamba","status":"publish","type":"page","link":"http:\/\/cicaforumcivil.sn\/?page_id=5428","title":{"rendered":"CICA TAMBA"},"content":{"rendered":"\t\t<div data-elementor-type=\"wp-page\" data-elementor-id=\"5428\" class=\"elementor elementor-5428\">\n\t\t\t\t\t\t<section class=\"elementor-section elementor-top-section elementor-element elementor-element-0051a1f elementor-section-full_width elementor-section-height-default elementor-section-height-default\" data-id=\"0051a1f\" data-element_type=\"section\">\n\t\t\t\t\t\t<div class=\"elementor-container elementor-column-gap-no\">\n\t\t\t\t\t<div class=\"elementor-column elementor-col-100 elementor-top-column elementor-element elementor-element-142252a\" data-id=\"142252a\" data-element_type=\"column\">\n\t\t\t<div class=\"elementor-widget-wrap elementor-element-populated\">\n\t\t\t\t\t\t<div class=\"elementor-element elementor-element-5c0d009 elementor-align-left elementor-widget elementor-widget-obelisk-title\" data-id=\"5c0d009\" data-element_type=\"widget\" data-widget_type=\"obelisk-title.default\">\n\t\t\t\t<div class=\"elementor-widget-container\">\n\t\t\t\r\n\r\n<div class=\"obelisk-header style-4\">\r\n    <div class=\"pages-header bg-img valign parallaxie\" data-background=\"\" data-overlay-dark=\"5\">\r\n        <div class=\"container\">\r\n            <div class=\"row\">\r\n                <div class=\"col-lg-12\">\r\n                    <div class=\"cont text-center\">\r\n                        <h1>CICA TAMBA<\/h1>\r\n                        <div class=\"path\">\r\n                            <span class=\" 1 breadcrumb-first\"><a href=\"http:\/\/cicaforumcivil.sn\/\"> Home<\/a><\/span><em> \/ <\/em>                        <\/div>\r\n                    <\/div>\r\n                <\/div>\r\n            <\/div>\r\n        <\/div>\r\n    <\/div>\r\n<\/div>\t\t<\/div>\n\t\t\t\t<\/div>\n\t\t\t\t\t<\/div>\n\t\t<\/div>\n\t\t\t\t\t<\/div>\n\t\t<\/section>\n\t\t\t\t<section class=\"elementor-section elementor-top-section elementor-element elementor-element-8cddb51 elementor-section-boxed elementor-section-height-default elementor-section-height-default\" data-id=\"8cddb51\" data-element_type=\"section\">\n\t\t\t\t\t\t<div class=\"elementor-container elementor-column-gap-default\">\n\t\t\t\t\t<div class=\"elementor-column elementor-col-100 elementor-top-column elementor-element elementor-element-fa9e126\" data-id=\"fa9e126\" data-element_type=\"column\">\n\t\t\t<div class=\"elementor-widget-wrap elementor-element-populated\">\n\t\t\t\t\t\t<div class=\"elementor-element elementor-element-3fdd762 elementor-widget elementor-widget-text-editor\" data-id=\"3fdd762\" data-element_type=\"widget\" data-widget_type=\"text-editor.default\">\n\t\t\t\t<div class=\"elementor-widget-container\">\n\t\t\t\t\t\t\t<p>Dans la r\u00e9gion de Tambacounda, les CICA install\u00e9s et ayant tenu une activit\u00e9 de sensibilisation contre la Covid-19 sont : le CICA du CEM Bakel Commune dans le d\u00e9partement de Bakel, le CEM Goudiry dans le d\u00e9partement de Goudiry, le CEM Tambacounda et le lyc\u00e9e Bouna Semou Niang de Koupentoum dans le d\u00e9partement de Koumpentoum<\/p>\t\t\t\t\t\t<\/div>\n\t\t\t\t<\/div>\n\t\t\t\t\t<\/div>\n\t\t<\/div>\n\t\t\t\t\t<\/div>\n\t\t<\/section>\n\t\t\t\t<section class=\"elementor-section elementor-top-section elementor-element elementor-element-91a2eaa elementor-section-boxed elementor-section-height-default elementor-section-height-default\" data-id=\"91a2eaa\" data-element_type=\"section\">\n\t\t\t\t\t\t<div class=\"elementor-container elementor-column-gap-default\">\n\t\t\t\t\t<div class=\"elementor-column elementor-col-100 elementor-top-column elementor-element elementor-element-31342a9\" data-id=\"31342a9\" data-element_type=\"column\">\n\t\t\t<div class=\"elementor-widget-wrap elementor-element-populated\">\n\t\t\t\t\t\t<div class=\"elementor-element elementor-element-64a0e07 elementor-widget elementor-widget-image\" data-id=\"64a0e07\" data-element_type=\"widget\" data-widget_type=\"image.default\">\n\t\t\t\t<div class=\"elementor-widget-container\">\n\t\t\t\t\t\t\t\t\t\t\t\t\t<img fetchpriority=\"high\" decoding=\"async\" width=\"366\" height=\"481\" src=\"http:\/\/cicaforumcivil.sn\/wp-content\/uploads\/2022\/04\/WhatsApp-Image-2022-04-21-at-15.00.12.jpeg\" class=\"attachment-large size-large wp-image-5430\" alt=\"\" \/>\t\t\t\t\t\t\t\t\t\t\t\t\t<\/div>\n\t\t\t\t<\/div>\n\t\t\t\t\t<\/div>\n\t\t<\/div>\n\t\t\t\t\t<\/div>\n\t\t<\/section>\n\t\t\t\t<\/div>\n\t\t","protected":false},"excerpt":{"rendered":"<p>CICA TAMBA Home \/ Dans la r\u00e9gion de Tambacounda, les CICA install\u00e9s et ayant tenu une activit\u00e9 de sensibilisation contre la Covid-19 sont : le CICA du CEM Bakel Commune dans le d\u00e9partement de Bakel, le CEM Goudiry dans le d\u00e9partement de Goudiry, le CEM Tambacounda et le lyc\u00e9e Bouna Semou Niang de Koupentoum dans le d\u00e9partement de Koumpentoum<\/p>\n","protected":false},"author":1,"featured_media":0,"parent":0,"menu_order":0,"comment_status":"closed","ping_status":"closed","template":"blank-builder.php","meta":{"footnotes":""},"class_list":["post-5428","page","type-page","status-publish","hentry"],"_links":{"self":[{"href":"http:\/\/cicaforumcivil.sn\/index.php?rest_route=\/wp\/v2\/pages\/5428","targetHints":{"allow":["GET"]}}],"collection":[{"href":"http:\/\/cicaforumcivil.sn\/index.php?rest_route=\/wp\/v2\/pages"}],"about":[{"href":"http:\/\/cicaforumcivil.sn\/index.php?rest_route=\/wp\/v2\/types\/page"}],"author":[{"embeddable":true,"href":"http:\/\/cicaforumcivil.sn\/index.php?rest_route=\/wp\/v2\/users\/1"}],"replies":[{"embeddable":true,"href":"http:\/\/cicaforumcivil.sn\/index.php?rest_route=%2Fwp%2Fv2%2Fcomments&post=5428"}],"version-history":[{"count":13,"href":"http:\/\/cicaforumcivil.sn\/index.php?rest_route=\/wp\/v2\/pages\/5428\/revisions"}],"predecessor-version":[{"id":5724,"href":"http:\/\/cicaforumcivil.sn\/index.php?rest_route=\/wp\/v2\/pages\/5428\/revisions\/5724"}],"wp:attachment":[{"href":"http:\/\/cicaforumcivil.sn\/index.php?rest_route=%2Fwp%2Fv2%2Fmedia&parent=5428"}],"curies":[{"name":"wp","href":"https:\/\/api.w.org\/{rel}","templated":true}]}}