{"id":5395,"date":"2022-04-21T15:29:14","date_gmt":"2022-04-21T15:29:14","guid":{"rendered":"http:\/\/cicaforumcivil.sn\/?page_id=5395"},"modified":"2022-04-21T16:22:14","modified_gmt":"2022-04-21T16:22:14","slug":"cica-kaolack","status":"publish","type":"page","link":"http:\/\/cicaforumcivil.sn\/?page_id=5395","title":{"rendered":"CICA KAOLACK"},"content":{"rendered":"\t\t<div data-elementor-type=\"wp-page\" data-elementor-id=\"5395\" class=\"elementor elementor-5395\">\n\t\t\t\t\t\t<section class=\"elementor-section elementor-top-section elementor-element elementor-element-0051a1f elementor-section-full_width elementor-section-height-default elementor-section-height-default\" data-id=\"0051a1f\" data-element_type=\"section\">\n\t\t\t\t\t\t<div class=\"elementor-container elementor-column-gap-no\">\n\t\t\t\t\t<div class=\"elementor-column elementor-col-100 elementor-top-column elementor-element elementor-element-142252a\" data-id=\"142252a\" data-element_type=\"column\">\n\t\t\t<div class=\"elementor-widget-wrap elementor-element-populated\">\n\t\t\t\t\t\t<div class=\"elementor-element elementor-element-5c0d009 elementor-align-left elementor-widget elementor-widget-obelisk-title\" data-id=\"5c0d009\" data-element_type=\"widget\" data-widget_type=\"obelisk-title.default\">\n\t\t\t\t<div class=\"elementor-widget-container\">\n\t\t\t\r\n\r\n<div class=\"obelisk-header style-4\">\r\n    <div class=\"pages-header bg-img valign parallaxie\" data-background=\"\" data-overlay-dark=\"5\">\r\n        <div class=\"container\">\r\n            <div class=\"row\">\r\n                <div class=\"col-lg-12\">\r\n                    <div class=\"cont text-center\">\r\n                        <h1>CICA KAOLACK<\/h1>\r\n                        <div class=\"path\">\r\n                            <span class=\" 1 breadcrumb-first\"><a href=\"http:\/\/cicaforumcivil.sn\/\"> Home<\/a><\/span><em> \/ <\/em>                        <\/div>\r\n                    <\/div>\r\n                <\/div>\r\n            <\/div>\r\n        <\/div>\r\n    <\/div>\r\n<\/div>\t\t<\/div>\n\t\t\t\t<\/div>\n\t\t\t\t\t<\/div>\n\t\t<\/div>\n\t\t\t\t\t<\/div>\n\t\t<\/section>\n\t\t\t\t<section class=\"elementor-section elementor-top-section elementor-element elementor-element-8cddb51 elementor-section-boxed elementor-section-height-default elementor-section-height-default\" data-id=\"8cddb51\" data-element_type=\"section\">\n\t\t\t\t\t\t<div class=\"elementor-container elementor-column-gap-default\">\n\t\t\t\t\t<div class=\"elementor-column elementor-col-100 elementor-top-column elementor-element elementor-element-fa9e126\" data-id=\"fa9e126\" data-element_type=\"column\">\n\t\t\t<div class=\"elementor-widget-wrap elementor-element-populated\">\n\t\t\t\t\t\t<div class=\"elementor-element elementor-element-3fdd762 elementor-widget elementor-widget-text-editor\" data-id=\"3fdd762\" data-element_type=\"widget\" data-widget_type=\"text-editor.default\">\n\t\t\t\t<div class=\"elementor-widget-container\">\n\t\t\t\t\t\t\t<p>Dans la r\u00e9gion de Kaolack, les CICA install\u00e9s et ayant tenu une activit\u00e9 de sensibilisation contre la Covid-19 sont : le CICA du lyc\u00e9e Serigne Khassim Mback\u00e9 dans le d\u00e9partement de Guingu\u00e9n\u00e9o, le CICA du lyc\u00e9e Maba Diakhou BA dans le d\u00e9partement de Nioro et le CICA du CEM1 Valdiodio Ndiaye dans le d\u00e9partement de Kaolack.<\/p>\t\t\t\t\t\t<\/div>\n\t\t\t\t<\/div>\n\t\t\t\t\t<\/div>\n\t\t<\/div>\n\t\t\t\t\t<\/div>\n\t\t<\/section>\n\t\t\t\t<section class=\"elementor-section elementor-top-section elementor-element elementor-element-4809c7e elementor-section-boxed elementor-section-height-default elementor-section-height-default\" data-id=\"4809c7e\" data-element_type=\"section\">\n\t\t\t\t\t\t<div class=\"elementor-container elementor-column-gap-default\">\n\t\t\t\t\t<div class=\"elementor-column elementor-col-100 elementor-top-column elementor-element elementor-element-9ab8672\" data-id=\"9ab8672\" data-element_type=\"column\">\n\t\t\t<div class=\"elementor-widget-wrap elementor-element-populated\">\n\t\t\t\t\t\t<div class=\"elementor-element elementor-element-7dadeda elementor-widget elementor-widget-image\" data-id=\"7dadeda\" data-element_type=\"widget\" data-widget_type=\"image.default\">\n\t\t\t\t<div class=\"elementor-widget-container\">\n\t\t\t\t\t\t\t\t\t\t\t\t\t<img fetchpriority=\"high\" decoding=\"async\" width=\"731\" height=\"1024\" src=\"http:\/\/cicaforumcivil.sn\/wp-content\/uploads\/2022\/04\/WhatsApp-Image-2022-04-21-at-14.44.52-731x1024.jpeg\" class=\"attachment-large size-large wp-image-5397\" alt=\"\" \/>\t\t\t\t\t\t\t\t\t\t\t\t\t<\/div>\n\t\t\t\t<\/div>\n\t\t\t\t\t<\/div>\n\t\t<\/div>\n\t\t\t\t\t<\/div>\n\t\t<\/section>\n\t\t\t\t<\/div>\n\t\t","protected":false},"excerpt":{"rendered":"<p>CICA KAOLACK Home \/ Dans la r\u00e9gion de Kaolack, les CICA install\u00e9s et ayant tenu une activit\u00e9 de sensibilisation contre la Covid-19 sont : le CICA du lyc\u00e9e Serigne Khassim Mback\u00e9 dans le d\u00e9partement de Guingu\u00e9n\u00e9o, le CICA du lyc\u00e9e Maba Diakhou BA dans le d\u00e9partement de Nioro et le CICA du CEM1 Valdiodio Ndiaye dans le d\u00e9partement de Kaolack.<\/p>\n","protected":false},"author":1,"featured_media":0,"parent":0,"menu_order":0,"comment_status":"closed","ping_status":"closed","template":"blank-builder.php","meta":{"footnotes":""},"class_list":["post-5395","page","type-page","status-publish","hentry"],"_links":{"self":[{"href":"http:\/\/cicaforumcivil.sn\/index.php?rest_route=\/wp\/v2\/pages\/5395","targetHints":{"allow":["GET"]}}],"collection":[{"href":"http:\/\/cicaforumcivil.sn\/index.php?rest_route=\/wp\/v2\/pages"}],"about":[{"href":"http:\/\/cicaforumcivil.sn\/index.php?rest_route=\/wp\/v2\/types\/page"}],"author":[{"embeddable":true,"href":"http:\/\/cicaforumcivil.sn\/index.php?rest_route=\/wp\/v2\/users\/1"}],"replies":[{"embeddable":true,"href":"http:\/\/cicaforumcivil.sn\/index.php?rest_route=%2Fwp%2Fv2%2Fcomments&post=5395"}],"version-history":[{"count":10,"href":"http:\/\/cicaforumcivil.sn\/index.php?rest_route=\/wp\/v2\/pages\/5395\/revisions"}],"predecessor-version":[{"id":5508,"href":"http:\/\/cicaforumcivil.sn\/index.php?rest_route=\/wp\/v2\/pages\/5395\/revisions\/5508"}],"wp:attachment":[{"href":"http:\/\/cicaforumcivil.sn\/index.php?rest_route=%2Fwp%2Fv2%2Fmedia&parent=5395"}],"curies":[{"name":"wp","href":"https:\/\/api.w.org\/{rel}","templated":true}]}}