{"id":5321,"date":"2022-04-21T13:10:18","date_gmt":"2022-04-21T13:10:18","guid":{"rendered":"http:\/\/cicaforumcivil.sn\/?page_id=5321"},"modified":"2022-04-21T13:13:51","modified_gmt":"2022-04-21T13:13:51","slug":"presentation","status":"publish","type":"page","link":"http:\/\/cicaforumcivil.sn\/?page_id=5321","title":{"rendered":"Pr\u00e9sentation des CICA"},"content":{"rendered":"\t\t<div data-elementor-type=\"wp-page\" data-elementor-id=\"5321\" class=\"elementor elementor-5321\">\n\t\t\t\t\t\t<section class=\"elementor-section elementor-top-section elementor-element elementor-element-0051a1f elementor-section-full_width elementor-section-height-default elementor-section-height-default\" data-id=\"0051a1f\" data-element_type=\"section\">\n\t\t\t\t\t\t<div class=\"elementor-container elementor-column-gap-no\">\n\t\t\t\t\t<div class=\"elementor-column elementor-col-100 elementor-top-column elementor-element elementor-element-142252a\" data-id=\"142252a\" data-element_type=\"column\">\n\t\t\t<div class=\"elementor-widget-wrap elementor-element-populated\">\n\t\t\t\t\t\t<div class=\"elementor-element elementor-element-5c0d009 elementor-align-left elementor-widget elementor-widget-obelisk-title\" data-id=\"5c0d009\" data-element_type=\"widget\" data-widget_type=\"obelisk-title.default\">\n\t\t\t\t<div class=\"elementor-widget-container\">\n\t\t\t\r\n\r\n<div class=\"obelisk-header style-4\">\r\n    <div class=\"pages-header bg-img valign parallaxie\" data-background=\"\" data-overlay-dark=\"5\">\r\n        <div class=\"container\">\r\n            <div class=\"row\">\r\n                <div class=\"col-lg-12\">\r\n                    <div class=\"cont text-center\">\r\n                        <h1>Pr\u00e9sentation des CICA<\/h1>\r\n                        <div class=\"path\">\r\n                            <span class=\" 1 breadcrumb-first\"><a href=\"http:\/\/cicaforumcivil.sn\/\"> Home<\/a><\/span><em> \/ <\/em>                        <\/div>\r\n                    <\/div>\r\n                <\/div>\r\n            <\/div>\r\n        <\/div>\r\n    <\/div>\r\n<\/div>\t\t<\/div>\n\t\t\t\t<\/div>\n\t\t\t\t\t<\/div>\n\t\t<\/div>\n\t\t\t\t\t<\/div>\n\t\t<\/section>\n\t\t\t\t<section class=\"elementor-section elementor-top-section elementor-element elementor-element-8cddb51 elementor-section-boxed elementor-section-height-default elementor-section-height-default\" data-id=\"8cddb51\" data-element_type=\"section\">\n\t\t\t\t\t\t<div class=\"elementor-container elementor-column-gap-default\">\n\t\t\t\t\t<div class=\"elementor-column elementor-col-100 elementor-top-column elementor-element elementor-element-fa9e126\" data-id=\"fa9e126\" data-element_type=\"column\">\n\t\t\t<div class=\"elementor-widget-wrap elementor-element-populated\">\n\t\t\t\t\t\t<div class=\"elementor-element elementor-element-3fdd762 elementor-widget elementor-widget-text-editor\" data-id=\"3fdd762\" data-element_type=\"widget\" data-widget_type=\"text-editor.default\">\n\t\t\t\t<div class=\"elementor-widget-container\">\n\t\t\t\t\t\t\t<ul><li aria-level=\"1\"><h1><b>Contexte<\/b><\/h1><\/li><\/ul><p><span style=\"font-weight: 400;\">Le Projet de lutte contre la Corruption et pour la promotion de la redevabilit\u00e9 territoriale d\u00e9nomm\u00e9 PCR, s\u2019inscrit dans les projets phares d\u2019OSIWA. Il est mis en \u0153uvre par le Forum Civil, section s\u00e9n\u00e9galaise de Transparency International, sur toute l\u2019\u00e9tendue du territoire national avec l\u2019accompagnement du Minist\u00e8re de l\u2019Education nationale. L\u2019objectif du projet est de promouvoir la redevabilit\u00e9 territoriale et de lutter contre la corruption.\u00a0<\/span><\/p><p><span style=\"font-weight: 400;\">Ce Projet comprend trois composantes\u00a0:<\/span><\/p><ul><li style=\"font-weight: 400;\" aria-level=\"1\"><span style=\"font-weight: 400;\">Les Club d\u2019Int\u00e9grit\u00e9 \u00e0 la Citoyennet\u00e9 Active\u00a0(<\/span><b>CICA<\/b><span style=\"font-weight: 400;\">) ;<\/span><\/li><li style=\"font-weight: 400;\" aria-level=\"1\"><span style=\"font-weight: 400;\">La d\u00e9claration de patrimoine\u00a0;<\/span><\/li><li style=\"font-weight: 400;\" aria-level=\"1\"><span style=\"font-weight: 400;\">Le Journalisme d\u2019Investigation.<\/span><\/li><\/ul><p><span style=\"font-weight: 400;\">Cette pr\u00e9sente note d\u2019orientation concerne, principalement, les CICA. Le Club d\u2019Int\u00e9grit\u00e9 et de Citoyennet\u00e9 Active est une structure d\u2019animation et de formations des \u00e9l\u00e8ves dans les Coll\u00e8ges d\u2019Enseignement Moyen, Lyc\u00e9es et centres de formation professionnelle. L\u2019approche est bas\u00e9e sur l\u2019\u00e9ducation des jeunes au civisme et la citoyennet\u00e9.\u00a0<\/span><\/p><p><span style=\"font-weight: 400;\">D\u2019ailleurs, dans son discours du\u00a03 avril 2019, le Pr\u00e9sident de la R\u00e9publique Macky SALL, en s\u2019adressant aux jeunes, soutenait que\u00a0: \u00ab\u00a0le premier acte citoyen, la clef qui ouvre les portes de la r\u00e9ussite, c\u2019est l\u2019amour et le respect des parents.\u00a0Les parents m\u00e9ritent affection et respect, parce qu\u2019ils sont les h\u00e9ros de tous les temps. Ce sont eux qui offrent le toit, qui nourrissent, \u00e9duquent et soignent. Ils se privent de tout pour votre r\u00e9ussite\u00a0\u00bb.<\/span><\/p><p><span style=\"font-weight: 400;\">Plus loin dans ce m\u00eame discours, il ajoute\u00a0que : \u00ab\u00a0dans une soci\u00e9t\u00e9\u00a0d\u00e9mocratique comme la n\u00f4tre, les droits et libert\u00e9s individuels et collectifs,\u00a0consacr\u00e9s par la Constitution, sont partie int\u00e9grante de la citoyennet\u00e9. Il est juste et l\u00e9gitime qu\u2019ils soient exerc\u00e9s sans entrave indue.\u00a0\u00a0<\/span><b>Mais la citoyennet\u00e9\u00a0n\u2019est pas que droits et libert\u00e9s<\/b><span style=\"font-weight: 400;\">. <\/span><b>Elle est aussi devoirs et responsabilit\u00e9s.<\/b><span style=\"font-weight: 400;\"> Une citoyennet\u00e9\u00a0int\u00e9grale et assum\u00e9e veut que le citoyen soit \u00e0 la fois libre et responsable de ses actes. Il n\u2019y a pas de libert\u00e9 sans responsabilit\u00e9. <\/span><b>C\u2019est l\u2019essence m\u00eame du contrat social qui fonde le\u00a0<\/b><b><i>vivre ensemble\u00a0<\/i><\/b><b>dans un Etat de droit. Or, aujourd\u2019hui, la citoyennet\u00e9 est mise \u00e0\u00a0mal\u00a0\u00e0 bien des \u00e9gards\u00a0\u00bb.<\/b><\/p><p><span style=\"font-weight: 400;\">Cette m\u00eame volont\u00e9 de construction citoyenne est aussi r\u00e9it\u00e9r\u00e9e, lors de la r\u00e9union du Conseil des Ministres <\/span><b>du 10 avril 2019 o\u00f9 <\/b><span style=\"font-weight: 400;\">le Pr\u00e9sident de la R\u00e9publique avait donn\u00e9 instructions au Gouvernement de rendre op\u00e9rationnelle la Strat\u00e9gie nationale de Promotion de la Citoyennet\u00e9 qui devait \u00eatre finalis\u00e9e depuis fin mai 2019.<\/span><\/p><p><span style=\"font-weight: 400;\">Ainsi, avec l\u2019accompagnement du Minist\u00e8re de l\u2019Education nationale, l\u2019appui financier d\u2019OSIWA, le Forum Civil, section s\u00e9n\u00e9galaise de Transparency International, met en \u0153uvre dans des \u00e9tablissements scolaires et professionnels, des Clubs d\u2019Int\u00e9grit\u00e9 \u00e0 la Citoyennet\u00e9 Active (CICA) pour <\/span><span style=\"font-weight: 400;\">participer \u00e0 l\u2019action de construction citoyenne dans un contexte de d\u00e9veloppement de l\u2019incivisme<\/span><span style=\"font-weight: 400;\">.<\/span><\/p><ul><li aria-level=\"1\"><h1><b>Objectif g\u00e9n\u00e9ral\u00a0:<\/b><\/h1><\/li><\/ul><p><span style=\"font-weight: 400;\">Elargir la mise en place des Club d\u2019Int\u00e9grit\u00e9 \u00e0 la Citoyennet\u00e9 Active (CICA) dans des \u00e9tablissements scolaires afin de permettre aux jeunes \u00e9l\u00e8ves de jouer un r\u00f4le actif de citoyen au niveau de l\u2019\u00e9cole et dans la soci\u00e9t\u00e9.\u00a0<\/span><\/p><ul><li aria-level=\"1\"><h1><b>Objectifs sp\u00e9cifiques\u00a0:<\/b><\/h1><\/li><\/ul><ul><li style=\"font-weight: 400;\" aria-level=\"1\"><span style=\"font-weight: 400;\">Cr\u00e9er ou redynamiser les CICA\u00a0;<\/span><\/li><li style=\"font-weight: 400;\" aria-level=\"1\"><span style=\"font-weight: 400;\">Renforcer les capacit\u00e9s des \u00e9l\u00e8ves dans les domaines de la citoyennet\u00e9, du civisme, de la bonne gouvernance, de l\u2019\u00e9tat de droit, de la lutte contre la corruption, de la protection de l\u2019environnement, du cadre de vie etc.\u00a0;<\/span><\/li><li style=\"font-weight: 400;\" aria-level=\"1\"><span style=\"font-weight: 400;\">Rendre actifs les \u00e9l\u00e8ves dans l\u2019exercice de leur citoyennet\u00e9\u00a0;<\/span><\/li><li style=\"font-weight: 400;\" aria-level=\"1\"><span style=\"font-weight: 400;\">Responsabiliser les \u00e9l\u00e8ves dans la construction d\u2019une citoyennet\u00e9 active.<\/span><\/li><\/ul><ul><li aria-level=\"1\"><h1><b>Composition du CICA\u00a0:<\/b><\/h1><\/li><\/ul><p><span style=\"font-weight: 400;\">Le CICA est compos\u00e9 d\u2019\u00e9l\u00e8ves issus, principalement, des Gouvernements scolaires. Les \u00e9l\u00e8ves sont encadr\u00e9s par un Formateur Relai Encadreur (FRE), sous la supervision du Chef d\u2019Etablissement et de la section concern\u00e9e du Forum Civil.<\/span><\/p><ul><li aria-level=\"1\"><h1><b>Installation du CICA\u00a0:<\/b><\/h1><\/li><\/ul><p><span style=\"font-weight: 400;\">Le CICA est install\u00e9 dans un \u00e9tablissement scolaire (CEM ou Lyc\u00e9e) avec l\u2019accord de son responsable et avec l\u2019accompagnement de la section Forum Civil concern\u00e9e<\/span><\/p><ul><li aria-level=\"1\"><h1><b>Missions des CICA\u00a0:<\/b><\/h1><\/li><\/ul><ul><li style=\"font-weight: 400;\" aria-level=\"1\"><span style=\"font-weight: 400;\">Eduquer les \u00e9l\u00e8ves \u00e0 la citoyennet\u00e9, au civisme, \u00e0 la bonne gouvernance, \u00e0 la pr\u00e9vention et la lutte contre la corruption, \u00e0 l\u2019\u00e9tat de droit et la d\u00e9mocratie, au contr\u00f4le citoyen de l\u2019action publique\u00a0;<\/span><\/li><li style=\"font-weight: 400;\" aria-level=\"1\"><span style=\"font-weight: 400;\">Mener des activit\u00e9s d\u2019investissements humains\u00a0au sein et en dehors des \u00e9coles\u00a0;<\/span><\/li><li style=\"font-weight: 400;\" aria-level=\"1\"><span style=\"font-weight: 400;\">Alerter les autorit\u00e9s scolaires et administratives sur les questions qui sont d&#8217;un int\u00e9r\u00eat manifeste.\u00a0<\/span><\/li><\/ul><ul><li aria-level=\"1\"><h1><b>Accompagnement des CICA\u00a0:<\/b><\/h1><\/li><\/ul><p><span style=\"font-weight: 400;\">Les membres des <\/span><b>CICA<\/b><span style=\"font-weight: 400;\"> vont b\u00e9n\u00e9ficier de formations sur les th\u00e9matiques identifi\u00e9s dans leurs missions, en plus des activit\u00e9s identifi\u00e9es dans le plan d\u2019action.<\/span><\/p><ul><li aria-level=\"1\"><h1><b>Les activit\u00e9s du CICA\u00a0:<\/b><\/h1><\/li><\/ul><p><span style=\"font-weight: 400;\">Hormis les activit\u00e9s de formation, les CICA devront \u00e9laborer des Plans d\u2019action sur six mois concernant la premi\u00e8re phase. Ce plan int\u00e8gre les activit\u00e9s que les CICA voudront mettre en \u0153uvre. Un canevas de plan d\u2019action accompagne la pr\u00e9sente note. <\/span><\/p>\t\t\t\t\t\t<\/div>\n\t\t\t\t<\/div>\n\t\t\t\t\t<\/div>\n\t\t<\/div>\n\t\t\t\t\t<\/div>\n\t\t<\/section>\n\t\t\t\t<\/div>\n\t\t","protected":false},"excerpt":{"rendered":"<p>Pr\u00e9sentation des CICA Home \/ Contexte Le Projet de lutte contre la Corruption et pour la promotion de la redevabilit\u00e9 territoriale d\u00e9nomm\u00e9 PCR, s\u2019inscrit dans les projets phares d\u2019OSIWA. Il est mis en \u0153uvre par le Forum Civil, section s\u00e9n\u00e9galaise de Transparency International, sur toute l\u2019\u00e9tendue du territoire national avec l\u2019accompagnement du Minist\u00e8re de l\u2019Education nationale. L\u2019objectif du projet est &hellip;<\/p>\n","protected":false},"author":1,"featured_media":0,"parent":0,"menu_order":0,"comment_status":"closed","ping_status":"closed","template":"blank-builder.php","meta":{"footnotes":""},"class_list":["post-5321","page","type-page","status-publish","hentry"],"_links":{"self":[{"href":"http:\/\/cicaforumcivil.sn\/index.php?rest_route=\/wp\/v2\/pages\/5321","targetHints":{"allow":["GET"]}}],"collection":[{"href":"http:\/\/cicaforumcivil.sn\/index.php?rest_route=\/wp\/v2\/pages"}],"about":[{"href":"http:\/\/cicaforumcivil.sn\/index.php?rest_route=\/wp\/v2\/types\/page"}],"author":[{"embeddable":true,"href":"http:\/\/cicaforumcivil.sn\/index.php?rest_route=\/wp\/v2\/users\/1"}],"replies":[{"embeddable":true,"href":"http:\/\/cicaforumcivil.sn\/index.php?rest_route=%2Fwp%2Fv2%2Fcomments&post=5321"}],"version-history":[{"count":4,"href":"http:\/\/cicaforumcivil.sn\/index.php?rest_route=\/wp\/v2\/pages\/5321\/revisions"}],"predecessor-version":[{"id":5325,"href":"http:\/\/cicaforumcivil.sn\/index.php?rest_route=\/wp\/v2\/pages\/5321\/revisions\/5325"}],"wp:attachment":[{"href":"http:\/\/cicaforumcivil.sn\/index.php?rest_route=%2Fwp%2Fv2%2Fmedia&parent=5321"}],"curies":[{"name":"wp","href":"https:\/\/api.w.org\/{rel}","templated":true}]}}